{"id":29,"date":"2018-06-10T23:13:39","date_gmt":"2018-06-10T23:13:39","guid":{"rendered":"http:\/\/localhost\/wordpress\/?page_id=29"},"modified":"2018-06-10T23:13:39","modified_gmt":"2018-06-10T23:13:39","slug":"missao","status":"publish","type":"page","link":"http:\/\/www.scmfec.pt\/wp\/?page_id=29","title":{"rendered":"Miss\u00e3o"},"content":{"rendered":"<p>A Santa Casa da Miseric\u00f3rdia de Freixo de Espada \u00e0 Cinta \u00e9 uma associa\u00e7\u00e3o de fi\u00e9is, com personalidade jur\u00eddica can\u00f3nica, cujo fim \u00e9 a pr\u00e1tica das Catorze Obras de Miseric\u00f3rdia, tanto corporais como espirituais, visando o servi\u00e7o e apoio com solidariedade a todos os que precisam, bem como a realiza\u00e7\u00e3o de atos de culto cat\u00f3lico, de harmonia com o seu esp\u00edrito tradicional, informado pelos princ\u00edpios do humanismo e da doutrina e moral crist\u00e3s. Tem como responsabilidade social a prote\u00e7\u00e3o e defesa dos mais necessitados e de todos os que nela s\u00e3o acolhidos<\/p>\n","protected":false},"excerpt":{"rendered":"<p>A Santa Casa da Miseric\u00f3rdia de Freixo de Espada \u00e0 Cinta \u00e9 uma associa\u00e7\u00e3o de fi\u00e9is, com personalidade jur\u00eddica can\u00f3nica, cujo fim \u00e9 a pr\u00e1tica das Catorze Obras de Miseric\u00f3rdia, tanto corporais como espirituais, visando o servi\u00e7o e apoio com solidariedade a todos os que precisam, bem como a realiza\u00e7\u00e3o de atos de culto cat\u00f3lico, [&hellip;]<\/p>\n","protected":false},"author":1,"featured_media":0,"parent":0,"menu_order":0,"comment_status":"closed","ping_status":"closed","template":"","meta":{"footnotes":""},"class_list":["post-29","page","type-page","status-publish","czr-hentry"],"aioseo_notices":[],"_links":{"self":[{"href":"http:\/\/www.scmfec.pt\/wp\/index.php?rest_route=\/wp\/v2\/pages\/29","targetHints":{"allow":["GET"]}}],"collection":[{"href":"http:\/\/www.scmfec.pt\/wp\/index.php?rest_route=\/wp\/v2\/pages"}],"about":[{"href":"http:\/\/www.scmfec.pt\/wp\/index.php?rest_route=\/wp\/v2\/types\/page"}],"author":[{"embeddable":true,"href":"http:\/\/www.scmfec.pt\/wp\/index.php?rest_route=\/wp\/v2\/users\/1"}],"replies":[{"embeddable":true,"href":"http:\/\/www.scmfec.pt\/wp\/index.php?rest_route=%2Fwp%2Fv2%2Fcomments&post=29"}],"version-history":[{"count":1,"href":"http:\/\/www.scmfec.pt\/wp\/index.php?rest_route=\/wp\/v2\/pages\/29\/revisions"}],"predecessor-version":[{"id":30,"href":"http:\/\/www.scmfec.pt\/wp\/index.php?rest_route=\/wp\/v2\/pages\/29\/revisions\/30"}],"wp:attachment":[{"href":"http:\/\/www.scmfec.pt\/wp\/index.php?rest_route=%2Fwp%2Fv2%2Fmedia&parent=29"}],"curies":[{"name":"wp","href":"https:\/\/api.w.org\/{rel}","templated":true}]}}