{"id":3,"date":"2018-06-04T15:23:05","date_gmt":"2018-06-04T15:23:05","guid":{"rendered":"http:\/?page_id=3"},"modified":"2018-07-16T23:23:40","modified_gmt":"2018-07-16T23:23:40","slug":"privacy-policy-2","status":"publish","type":"page","link":"http:\/\/www.scmfec.pt\/wp\/?page_id=3","title":{"rendered":"Pol\u00edtica de Privacidade"},"content":{"rendered":"<p>A presente pol\u00edtica de Privacidade fornece uma vis\u00e3o geral sobre o modo de recolha e tratamento de dados pessoais pela Santa Casa da Miseric\u00f3rdia De Freixo De Espada \u00e0 Cinta, (doravante apenas SCMFEC).<\/p>\n<p>Por esta via pretende a SCMFEC comunicar e dar a conhecer a forma como procede ao tratamento de dados pessoais e indicar os direitos que assistem ao titular dos dados nos termos do Regulamento (EU) 2016\/679 do Parlamento Europeu e do Conselho de 27 de abril de 2016 aplic\u00e1vel ap\u00f3s 25 de maio de 2018 (doravante RGPD ou Regulamento). O Regulamento estabelece as regras relativas \u00e0 prote\u00e7\u00e3o das pessoas singulares no que respeita ao tratamento dos seus dados pessoais e \u00e0 livre circula\u00e7\u00e3o desses dados. Os dados que concretamente s\u00e3o tratados e a forma como s\u00e3o utilizados depender\u00e3o essencialmente da finalidade solicitada e das respetivas finalidades do tratamento.<\/p>\n<p>Cuidar\u00e1 a SCMFEC de fornecer toda a informa\u00e7\u00e3o relevante nos termos que resultam do Regulamento.<\/p>\n<p>A SCMFEC assegura o tratamento de dados pessoais no mais rigoroso respeito pelos direitos individuais e pelo regime legal vigente. O tratamento de dados pessoais \u00e9 realizado na medida necess\u00e1ria \u00e0 prossecu\u00e7\u00e3o do objeto social da SCMFEC e \u00e0 manuten\u00e7\u00e3o de um padr\u00e3o elevado de servi\u00e7o.<\/p>\n<p>Para obten\u00e7\u00e3o de informa\u00e7\u00e3o adicional neste \u00e2mbito, poder\u00e1 contactar a SCMFEC atrav\u00e9s dos canais referidos em 1.<\/p>\n<ol>\n<li>Quem \u00e9 a entidade respons\u00e1vel pelo tratamento de dados e quem o titular dos dados deve contactar sobre este tema?<\/li>\n<\/ol>\n<p style=\"padding-left: 30px;\">Devem ser utilizados os seguintes dados de contacto:<\/p>\n<p style=\"padding-left: 30px;\">Santa Casa da Miseric\u00f3rdia de Freixo de Espada \u00e0 Cinta<br \/>Avenida de Espanha N.\u00ba 4<br \/>5180-xxx Freixo de Espada \u00e0 Cinta<br \/>Telefone : +351 279 653 016<br \/>E-mail : geral@scmfec.pt<\/p>\n<p style=\"padding-left: 30px;\">Pode ainda ser contactado o Encarregado de Prote\u00e7\u00e3o de Dados da SCMFEC:<\/p>\n<p style=\"padding-left: 30px;\">Santa Casa da Miseric\u00f3rdia de Freixo de Espada \u00e0 Cinta<br \/>Encarregado de Prote\u00e7\u00e3o de Dados<br \/>Avenida de Espanha N.\u00ba 4<br \/>5180-xxx Freixo de Espada \u00e0 Cinta<br \/>Telefone : +351 966 922 036<br \/>E-mail : epd@scmfec.pt<\/p>\n<p>\u00a0 \u00a0\u00a0 2.\u00a0 Quais os dados pessoais que a SCMFEC trata e as respetivas fontes?<\/p>\n<p style=\"padding-left: 30px;\">A SCMFEC trata os dados Pessoais:<\/p>\n<ol>\n<li>Que recebe no \u00e2mbito de preenchimento de formul\u00e1rio para Irm\u00e3o Associado, das candidaturas para ocupar vagas nas Respostas Sociais, do potencial utente, no \u00e2mbito da execu\u00e7\u00e3o da rela\u00e7\u00e3o contratual com os clientes.<\/li>\n<li>No \u00e2mbito do cumprimento das obriga\u00e7\u00f5es legais e regulat\u00f3rias que lhe s\u00e3o aplic\u00e1veis;<\/li>\n<li>Fornecidos por terceiros sempre que tal seja relevante para a presta\u00e7\u00e3o do servi\u00e7o, para o cumprimento de contratos ou para cumprimento de obriga\u00e7\u00f5es que impendam sobre a SCMFEC;<\/li>\n<li>Com base num consentimento pr\u00e9vio e expresso do titular dos dados, no caso das finalidades para as quais o consentimento de clientes ou potenciais clientes seja solicitado e prestado.<\/li>\n<\/ol>\n<p style=\"padding-left: 30px;\">Os dados pessoais cujo tratamento \u00e9 assegurado pela SCMFEC s\u00e3o, entre outros, os seguintes:<\/p>\n<ul>\n<li>Dados identificativos e de contacto (Nome, numero de documento de identifica\u00e7\u00e3o, numero de identifica\u00e7\u00e3o fiscal, n\u00famero Benefici\u00e1rios Seguran\u00e7a Social, numero Servi\u00e7o Nacional Sa\u00fade ou outro, morada, contacto telef\u00f3nico, endere\u00e7o de email):<\/li>\n<li>Dados familiares e biogr\u00e1ficos (data de nascimento, nacionalidade, naturalidade, informa\u00e7\u00e3o sobre agregado familiar)<\/li>\n<li>Situa\u00e7\u00e3o Financeira (declara\u00e7\u00e3o rendimentos)<\/li>\n<li>Dados Cl\u00ednicos (relat\u00f3rios m\u00e9dicos, informa\u00e7\u00f5es de enfermagem, depend\u00eancia medicamentosa)<\/li>\n<\/ul>\n<p>3. Com que finalidade trata a SCMFEC os dados pessoais e qual o fundamento legal?<\/p>\n<p style=\"padding-left: 30px;\">A SCMFEC procede ao tratamento de dados pessoais de acordo com as disposi\u00e7\u00f5es do RGPD e legisla\u00e7\u00e3o complementar para as finalidades e com os fundamentos tamb\u00e9m indicados:<br \/>a) Para celebra\u00e7\u00e3o, execu\u00e7\u00e3o de contratos em que o titular dos dados \u00e9 parte ou (ii) para dilig\u00eancias pr\u00e9-contratuais, a pedido do titular dos dados (artigo 6. 1b) do RGPD);<br \/>b) Para Prosseguir interesses leg\u00edtimos do titular da SCMFEC ou de terceiros (artigo 6. 1f) do RGPD);<br \/>c) Para Cumprimento de obriga\u00e7\u00f5es legais ( artigo 6. 1 c) do RGPD ou de interesse publico(artigo 6.1 e) do RGPD.<\/p>\n<p>4. Em rela\u00e7\u00e3o a este Website, o Utilizador (voc\u00ea) garante que os dados pessoais fornecidos s\u00e3o verdadeiros e exatos, e compromete-se a notificar qualquer altera\u00e7\u00e3o dos mesmos. Quaisquer perdas ou danos causados a este s\u00edtio web ou \u00e0 pessoa respons\u00e1vel pelo s\u00edtio web ou a terceiros resultantes de informa\u00e7\u00e3o errada, inexata ou incompleta dos formul\u00e1rios de registo ser\u00e1 da exclusiva responsabilidade do Utilizador.<\/p>\n<p>5. Cookies: Ao aceitar esta pol\u00edtica de privacidade, o utilizador consente na utiliza\u00e7\u00e3o de cookies neste website, os quais se descrevem a seguir.<\/p>\n<p><strong>O que s\u00e3o Cookies?<\/strong><\/p>\n<p><strong> Que tipos de cookies s\u00e3o utilizados neste site?<\/strong><\/p>\n<ul>\n<li>Cookies de sess\u00e3o: s\u00e3o cookies tempor\u00e1rios que permanecem em arquivo de cookies do navegador at\u00e9 que este abandone a p\u00e1gina web, pelo que n\u00e3o fica qualquer registo no disco r\u00edgido do utilizador. A Informa\u00e7\u00e3o recolhida por estes cookies serve para analisar padr\u00f5es de tr\u00e1fego do site. Em \u00faltima an\u00e1lise, isso permite-nos melhorar o conte\u00fado e melhorar a usabilidade do site.<\/li>\n<li>Cookies de an\u00e1lise: S\u00e3o aqueles que bem tratados por n\u00f3s ou por terceiros, nos permitem quantificar o n\u00famero de utilizadores e realizar a medi\u00e7\u00e3o e an\u00e1lise estat\u00edstica de como os usu\u00e1rios usam o servi\u00e7o oferecido. Examinamos a sua navega\u00e7\u00e3o no nosso site, com o objetivo de melhorar o fornecimento de produtos ou servi\u00e7os que lhe disponibilizamos.<\/li>\n<li>Cookies publicit\u00e1rios: S\u00e3o aqueles que bem tratadas por n\u00f3s ou por terceiros, nos permitem gerir de uma forma mais eficaz a oferta de espa\u00e7os publicit\u00e1rios que existem no site, podendo analisar os seus h\u00e1bitos de navega\u00e7\u00e3o e mostrar-lhe publicidade relacionada com o seu perfil de navega\u00e7\u00e3o.<\/li>\n<\/ul>\n<table border=\"0\">\n<tbody>\n<tr>\n<td colspan=\"6\">Cookies pr\u00f3prios:<\/td>\n<\/tr>\n<tr>\n<td><b>Nome<\/b><\/td>\n<td><b>Servidor<\/b><\/td>\n<td><b>Expira\u00e7\u00e3o<\/b><\/td>\n<td><b>Finalidade <\/b><\/td>\n<td>\u00a0<\/td>\n<td><b>Exclu\u00edda do dever de informa\u00e7\u00e3o e consentimento?<\/b><\/td>\n<\/tr>\n<tr>\n<td>Nosso site<\/td>\n<td>www.scmfec.pt<\/td>\n<td>\u00a0Ao finalizar a sess\u00e3o<\/td>\n<td>T\u00e9cnica<\/td>\n<td>\u00a0<\/td>\n<td>N\u00e3o<\/td>\n<\/tr>\n<\/tbody>\n<\/table>\n<table border=\"0\">\n<tbody>\n<tr>\n<td colspan=\"4\">Cookies de terceiros:<\/td>\n<\/tr>\n<tr>\n<td><b>Nome do Fornecedor<\/b><\/td>\n<td><b>Finalidade<br \/>do cookie<\/b><\/td>\n<td><b>Descri\u00e7\u00e3o do cookie<\/b><\/td>\n<td><b>Mais informa\u00e7\u00e3o<\/b><\/td>\n<\/tr>\n<tr>\n<td>Facebook<\/td>\n<td>Publicidade comportamental<\/td>\n<td>Os cookies e os pix\u00e9is s\u00e3o usados para entender e lhe mostrar os an\u00fancios mais relevantes. Tamb\u00e9m usamos os cookies para saber se uma pessoa que viu um anuncio no facebook entrou de seguida na p\u00e1gina do anunciante. De igual forma, os parceiros de facebook podem usar uma cookie para determinar se o facebook mostrou um anuncio, e as intera\u00e7\u00f5es que existiram entre o visitante e o anunciante. Os Plugins Sociais tamb\u00e9m podem usar cookies para guardar a sess\u00e3o por quest\u00f5es de seguran\u00e7a.<\/td>\n<td><a href=\"https:\/\/www.facebook.com\/about\/privacy\/cookies\" target=\"_blank\" rel=\"noopener\">https:\/\/www.facebook.com\/about\/privacy\/cookies<\/a><\/td>\n<\/tr>\n<tr>\n<td>Google Adwords<\/td>\n<td>Publicidade comportamental<\/td>\n<td>Os cookies da Google Adwords geram um ID de usu\u00e1rio an\u00f3nimo que se utiliza para gravar as intera\u00e7\u00f5es dos visitantes no site. Regista quantas vezes visitou o site, quando foi a primeira e a \u00faltima vez que visitou. E calcula tamb\u00e9m quando terminou a sess\u00e3o, origem do usu\u00e1rio, e keywords usadas.<\/td>\n<td>https:\/\/support.google.com\/adwords\/answer\/2407785?hl=pt<\/td>\n<\/tr>\n<tr>\n<td>Google Analytics<\/td>\n<td>Anal\u00edtica<\/td>\n<td>Os cookies da Google Analytics geram um ID de usu\u00e1rio an\u00f3nimo que se utiliza para gravar as intera\u00e7\u00f5es dos visitantes no site. Regista quantas vezes visitou o site, quando foi a primeira e a \u00faltima vez que visitou. E calcula tamb\u00e9m quando terminou a sess\u00e3o, origem do usu\u00e1rio, e keywords usadas.<\/td>\n<td><a href=\"https:\/\/developers.google.com\/analytics\/devguides\/collection\/analyticsjs\/cookie-usage\" target=\"_blank\" rel=\"noopener\">https:\/\/developers.google.com<br \/>\/analytics\/devguides\/collection<br \/>\/analyticsjs\/cookie-usage<\/a><\/td>\n<\/tr>\n<tr>\n<td>Google Doubleclick<\/td>\n<td>Publicidade comportamental<\/td>\n<td>As cookies da doubleclick s\u00e3o usadas para gerir os cookies de terceiros. Estes cookies s\u00e3o usadas para mostrar aos usu\u00e1rios an\u00fancios relevates que podem ser do interesse do usu\u00e1rio. Os an\u00fancios que s\u00e3o mostrados s\u00e3o geridos por uma pequena sele\u00e7\u00e3o de fornecedores, incluindo Invitemedia, Adviva.net, MSN, Google Display, Unanimis, Appnexus y Adroll.<\/td>\n<td><a href=\"http:\/\/www.google.com\/doubleclick\/\" target=\"_blank\" rel=\"noopener\">http:\/\/www.google.com\/doubleclick\/<\/a><\/td>\n<\/tr>\n<\/tbody>\n<\/table>\n<p><strong>O que implica n\u00e3o autorizar o uso de cookies?<\/strong><br \/>Se preferir n\u00e3o permitir cookies tem a possibilidade de desativar os cookies no navegador de internet (browser) que utiliza, mas dever\u00e1 ter em conta que poder\u00e1 impedir que algumas p\u00e1ginas Web sejam apresentadas corretamente.<\/p>\n<p><strong>Como configurar o meu navegador?<\/strong><\/p>\n<p><strong>Google Chrome<\/strong><br \/>1. Clique no \u00edcone do menu do Google Chrome.<br \/>2. Selecione Configura\u00e7\u00f5es.<br \/>3. Na parte inferior da p\u00e1gina, clique em Mostrar configura\u00e7\u00f5es avan\u00e7adas.<br \/>4. Na se\u00e7\u00e3o &#8220;Privacidade&#8221;, clique em Configura\u00e7\u00f5es de conte\u00fado.<br \/>5. Ativar ou desativar cookies:<\/p>\n<p>1. Para ativar os cookies, selecione Permitir a configura\u00e7\u00e3o de dados locais (recomendado).<br \/>2. Para desativar os cookies, selecione Bloquear as configura\u00e7\u00f5es de quaisquer dados por sites.<\/p>\n<p><strong>Internet Explorer<\/strong><br \/>1. Abrir o Internet Explorer clicando no bot\u00e3o Iniciar e, em seguida, clicando em Internet Explorer.<br \/>2. Clique no bot\u00e3o Ferramentas e, em seguida, clique em Op\u00e7\u00f5es da Internet.<br \/>3. Clique no separador Privacidade e, em Defini\u00e7\u00f5es, mova o controlo de deslize para o topo para bloquear todos os cookies ou para o fundo para permitir todos os cookies e, em seguida, clique em OK.<\/p>\n<p><strong>Firefox<\/strong><br \/>1. Selecione Ferramentas &gt; Op\u00e7\u00f5es e aceda ao painel Privacidade.<br \/>2. No menu Guardar at\u00e9, selecione a op\u00e7\u00e3o fechar o Firefox.<br \/>Se deseja permitir aos sites em que confia a possibilidade de armazenar cookies permanentemente (por exemplo, para permitir a autentica\u00e7\u00e3o autom\u00e1tica num determinado site), pressione Exce\u00e7\u00f5es, introduza o endere\u00e7o do site e pressione Permitir.<\/p>\n<p><strong>Safari<\/strong><br \/>1. Clique em &#8220;Edit&#8221; (Editar);<br \/>2. Selecione &#8220;Preferences&#8221; (Prefer\u00eancias);<br \/>3. No painel superior, selecione o \u00edcone &#8220;Security&#8221; (Seguran\u00e7a)<br \/>4. Na sec\u00e7\u00e3o &#8220;Accept Cookies&#8221; (Aceitar cookies), selecione &#8220;Never&#8221;(Nunca).<\/p>\n<p><strong>Opera<\/strong><br \/>1. Clique em Settings<br \/>2. Selecione Preferences &gt; Advanced &gt; Cookies &gt; Enable or disable cookies<\/p>\n","protected":false},"excerpt":{"rendered":"<p>A presente pol\u00edtica de Privacidade fornece uma vis\u00e3o geral sobre o modo de recolha e tratamento de dados pessoais pela Santa Casa da Miseric\u00f3rdia De Freixo De Espada \u00e0 Cinta, (doravante apenas SCMFEC). Por esta via pretende a SCMFEC comunicar e dar a conhecer a forma como procede ao tratamento de dados pessoais e indicar [&hellip;]<\/p>\n","protected":false},"author":1,"featured_media":0,"parent":0,"menu_order":0,"comment_status":"closed","ping_status":"open","template":"","meta":{"footnotes":""},"class_list":["post-3","page","type-page","status-publish","czr-hentry"],"aioseo_notices":[],"_links":{"self":[{"href":"http:\/\/www.scmfec.pt\/wp\/index.php?rest_route=\/wp\/v2\/pages\/3","targetHints":{"allow":["GET"]}}],"collection":[{"href":"http:\/\/www.scmfec.pt\/wp\/index.php?rest_route=\/wp\/v2\/pages"}],"about":[{"href":"http:\/\/www.scmfec.pt\/wp\/index.php?rest_route=\/wp\/v2\/types\/page"}],"author":[{"embeddable":true,"href":"http:\/\/www.scmfec.pt\/wp\/index.php?rest_route=\/wp\/v2\/users\/1"}],"replies":[{"embeddable":true,"href":"http:\/\/www.scmfec.pt\/wp\/index.php?rest_route=%2Fwp%2Fv2%2Fcomments&post=3"}],"version-history":[{"count":14,"href":"http:\/\/www.scmfec.pt\/wp\/index.php?rest_route=\/wp\/v2\/pages\/3\/revisions"}],"predecessor-version":[{"id":138,"href":"http:\/\/www.scmfec.pt\/wp\/index.php?rest_route=\/wp\/v2\/pages\/3\/revisions\/138"}],"wp:attachment":[{"href":"http:\/\/www.scmfec.pt\/wp\/index.php?rest_route=%2Fwp%2Fv2%2Fmedia&parent=3"}],"curies":[{"name":"wp","href":"https:\/\/api.w.org\/{rel}","templated":true}]}}