{"id":31,"date":"2018-06-10T23:14:43","date_gmt":"2018-06-10T23:14:43","guid":{"rendered":"http:\/\/localhost\/wordpress\/?page_id=31"},"modified":"2018-06-28T21:17:18","modified_gmt":"2018-06-28T21:17:18","slug":"valores","status":"publish","type":"page","link":"http:\/\/www.scmfec.pt\/wp\/?page_id=31","title":{"rendered":"Valores"},"content":{"rendered":"<p>A Santa Casa da Miseric\u00f3rdia de Freixo de Espada \u00e0 Cinta inspira-se nas <em>14 Obras da Miseric\u00f3rdia<\/em> regulando a sua atua\u00e7\u00e3o pelos valores da Solidariedade, da Igualdade e Justi\u00e7a, da Confian\u00e7a e Honestidade. Valorizamos o Profissionalismo e Rigor dos nossos trabalhadores e colaboradores no sentido de uma melhoria cont\u00ednua dos servi\u00e7os que prestamos. A humaniza\u00e7\u00e3o dos servi\u00e7os no respeito pela individualidade e dignidade de cada um torna-se uma obriga\u00e7\u00e3o e um dever di\u00e1rio.<\/p>\n","protected":false},"excerpt":{"rendered":"<p>A Santa Casa da Miseric\u00f3rdia de Freixo de Espada \u00e0 Cinta inspira-se nas 14 Obras da Miseric\u00f3rdia regulando a sua atua\u00e7\u00e3o pelos valores da Solidariedade, da Igualdade e Justi\u00e7a, da Confian\u00e7a e Honestidade. Valorizamos o Profissionalismo e Rigor dos nossos trabalhadores e colaboradores no sentido de uma melhoria cont\u00ednua dos servi\u00e7os que prestamos. A humaniza\u00e7\u00e3o [&hellip;]<\/p>\n","protected":false},"author":1,"featured_media":0,"parent":0,"menu_order":0,"comment_status":"closed","ping_status":"closed","template":"","meta":{"footnotes":""},"class_list":["post-31","page","type-page","status-publish","czr-hentry"],"aioseo_notices":[],"_links":{"self":[{"href":"http:\/\/www.scmfec.pt\/wp\/index.php?rest_route=\/wp\/v2\/pages\/31","targetHints":{"allow":["GET"]}}],"collection":[{"href":"http:\/\/www.scmfec.pt\/wp\/index.php?rest_route=\/wp\/v2\/pages"}],"about":[{"href":"http:\/\/www.scmfec.pt\/wp\/index.php?rest_route=\/wp\/v2\/types\/page"}],"author":[{"embeddable":true,"href":"http:\/\/www.scmfec.pt\/wp\/index.php?rest_route=\/wp\/v2\/users\/1"}],"replies":[{"embeddable":true,"href":"http:\/\/www.scmfec.pt\/wp\/index.php?rest_route=%2Fwp%2Fv2%2Fcomments&post=31"}],"version-history":[{"count":1,"href":"http:\/\/www.scmfec.pt\/wp\/index.php?rest_route=\/wp\/v2\/pages\/31\/revisions"}],"predecessor-version":[{"id":32,"href":"http:\/\/www.scmfec.pt\/wp\/index.php?rest_route=\/wp\/v2\/pages\/31\/revisions\/32"}],"wp:attachment":[{"href":"http:\/\/www.scmfec.pt\/wp\/index.php?rest_route=%2Fwp%2Fv2%2Fmedia&parent=31"}],"curies":[{"name":"wp","href":"https:\/\/api.w.org\/{rel}","templated":true}]}}