{"id":326,"date":"2019-12-15T21:28:24","date_gmt":"2019-12-15T21:28:24","guid":{"rendered":"http:\/\/www.scmfec.pt\/wp\/?page_id=326"},"modified":"2020-09-03T11:34:09","modified_gmt":"2020-09-03T11:34:09","slug":"o-que-deve-saber","status":"publish","type":"page","link":"http:\/\/www.scmfec.pt\/wp\/?page_id=326","title":{"rendered":"Gest\u00e3o Conflitos (RAL)"},"content":{"rendered":"\n<figure><img decoding=\"async\" src=\"http:\/\/www.scmfec.pt\/wp\/wp-content\/uploads\/2019\/12\/RAL.jpg\" alt=\"\" \/><\/figure>\n\n\n\n<p><strong>No sentido de dar cumprimento ao estipulado nos<a href=\"http:\/\/www.scmfec.pt\/wp\/wp-content\/uploads\/2020\/02\/lei-144-2015.pdf\"> n\u00ba 1 e 2 do Art\u00ba 18 da Lei n\u00ba 144\/2015 de 08 de Setembro<\/a>, relativamente \u00e0s entidades competentes para a resolu\u00e7\u00e3o alternativa de conflitos (<a href=\"https:\/\/www.cniacc.pt\/pt\/abrangencia-territorial\">RAL<\/a>), d\u00e1-se conhecimento dos respetivos contactos a saber<\/strong>:<\/p>\n\n\n\n<ul class=\"wp-block-list\"><li>A Santa Casa da Miseric\u00f3rdia de Freixo de Espada \u00e0 Cinta tem como entidade competente para Resolu\u00e7\u00e3o Alternativa de Conflitos (<a href=\"https:\/\/www.cniacc.pt\/pt\/abrangencia-territorial\">RAL<\/a>);<\/li><li><a href=\"https:\/\/www.cniacc.pt\/\"><strong>CNIACC<\/strong><\/a> &#8211; Centro Nacional de Informa\u00e7\u00e3o e Arbitragem de Conflitos de Consumo.<\/li><li><a href=\"https:\/\/www.google.com\/search?q=Rua+D.+Afonso+Henriques%2C1+4700-030+Braga&amp;rlz=1C1GCEU_pt-PTPT879PT879&amp;oq=Rua+D.+Afonso+Henriques%2C1+4700-030+Braga&amp;aqs=chrome..69i57.3120j0j8&amp;sourceid=chrome&amp;ie=UTF-8\">Rua D. Afonso Henriques,1 4700-030 Braga<\/a> Telefone 253 619107<\/li><li>e-mail \u2013 <a href=\"mailto:geral@cniacc.pt\">geral@cniacc.pt<\/a><\/li><li>Hor\u00e1rio de Atendimento publico e telef\u00f3nico Segunda a Sexta Feira Das 09.00 \u00e0s 16.00 horas<\/li><\/ul>\n","protected":false},"excerpt":{"rendered":"<p>No sentido de dar cumprimento ao estipulado nos n\u00ba 1 e 2 do Art\u00ba 18 da Lei n\u00ba 144\/2015 de 08 de Setembro, relativamente \u00e0s entidades competentes para a resolu\u00e7\u00e3o alternativa de conflitos (RAL), d\u00e1-se conhecimento dos respetivos contactos a saber: A Santa Casa da Miseric\u00f3rdia de Freixo de Espada \u00e0 Cinta tem como entidade [&hellip;]<\/p>\n","protected":false},"author":1,"featured_media":0,"parent":0,"menu_order":0,"comment_status":"closed","ping_status":"closed","template":"","meta":{"footnotes":""},"class_list":["post-326","page","type-page","status-publish","czr-hentry"],"aioseo_notices":[],"_links":{"self":[{"href":"http:\/\/www.scmfec.pt\/wp\/index.php?rest_route=\/wp\/v2\/pages\/326","targetHints":{"allow":["GET"]}}],"collection":[{"href":"http:\/\/www.scmfec.pt\/wp\/index.php?rest_route=\/wp\/v2\/pages"}],"about":[{"href":"http:\/\/www.scmfec.pt\/wp\/index.php?rest_route=\/wp\/v2\/types\/page"}],"author":[{"embeddable":true,"href":"http:\/\/www.scmfec.pt\/wp\/index.php?rest_route=\/wp\/v2\/users\/1"}],"replies":[{"embeddable":true,"href":"http:\/\/www.scmfec.pt\/wp\/index.php?rest_route=%2Fwp%2Fv2%2Fcomments&post=326"}],"version-history":[{"count":18,"href":"http:\/\/www.scmfec.pt\/wp\/index.php?rest_route=\/wp\/v2\/pages\/326\/revisions"}],"predecessor-version":[{"id":725,"href":"http:\/\/www.scmfec.pt\/wp\/index.php?rest_route=\/wp\/v2\/pages\/326\/revisions\/725"}],"wp:attachment":[{"href":"http:\/\/www.scmfec.pt\/wp\/index.php?rest_route=%2Fwp%2Fv2%2Fmedia&parent=326"}],"curies":[{"name":"wp","href":"https:\/\/api.w.org\/{rel}","templated":true}]}}