{"id":33,"date":"2018-06-10T23:15:07","date_gmt":"2018-06-10T23:15:07","guid":{"rendered":"http:\/\/localhost\/wordpress\/?page_id=33"},"modified":"2018-06-28T21:17:02","modified_gmt":"2018-06-28T21:17:02","slug":"visao","status":"publish","type":"page","link":"http:\/\/www.scmfec.pt\/wp\/?page_id=33","title":{"rendered":"Vis\u00e3o"},"content":{"rendered":"<p>A Santa Casa da Miseric\u00f3rdia de Freixo de Espada \u00e0 Cinta d\u00e1 prioridade \u00e0 melhoria cont\u00ednua das suas pr\u00e1ticas, \u00e0 sustentabilidade, ao incremento da qualidade, proximidade e humaniza\u00e7\u00e3o dos seus servi\u00e7os e ao aumento das respostas sociais emergentes, numa perspetiva biopsicossocial e espiritual das pessoas que nos procuram.<\/p>\n<p>Procuraremos ser um modelo de refer\u00eancia enquanto institui\u00e7\u00e3o e desenvolver atividades de interven\u00e7\u00e3o social, nomeadamente no apoio \u00e0 inf\u00e2ncia e juventude, \u00e0s pessoas idosas, \u00e0s pessoas com defici\u00eancia e incapacidade, \u00e0s pessoas em situa\u00e7\u00e3o de necessidade ou de depend\u00eancia, sem-abrigo e a v\u00edtimas de viol\u00eancia dom\u00e9stica, \u00e0 fam\u00edlia e comunidade em geral.<\/p>\n","protected":false},"excerpt":{"rendered":"<p>A Santa Casa da Miseric\u00f3rdia de Freixo de Espada \u00e0 Cinta d\u00e1 prioridade \u00e0 melhoria cont\u00ednua das suas pr\u00e1ticas, \u00e0 sustentabilidade, ao incremento da qualidade, proximidade e humaniza\u00e7\u00e3o dos seus servi\u00e7os e ao aumento das respostas sociais emergentes, numa perspetiva biopsicossocial e espiritual das pessoas que nos procuram. Procuraremos ser um modelo de refer\u00eancia enquanto [&hellip;]<\/p>\n","protected":false},"author":1,"featured_media":0,"parent":0,"menu_order":0,"comment_status":"closed","ping_status":"closed","template":"","meta":{"footnotes":""},"class_list":["post-33","page","type-page","status-publish","czr-hentry"],"aioseo_notices":[],"_links":{"self":[{"href":"http:\/\/www.scmfec.pt\/wp\/index.php?rest_route=\/wp\/v2\/pages\/33","targetHints":{"allow":["GET"]}}],"collection":[{"href":"http:\/\/www.scmfec.pt\/wp\/index.php?rest_route=\/wp\/v2\/pages"}],"about":[{"href":"http:\/\/www.scmfec.pt\/wp\/index.php?rest_route=\/wp\/v2\/types\/page"}],"author":[{"embeddable":true,"href":"http:\/\/www.scmfec.pt\/wp\/index.php?rest_route=\/wp\/v2\/users\/1"}],"replies":[{"embeddable":true,"href":"http:\/\/www.scmfec.pt\/wp\/index.php?rest_route=%2Fwp%2Fv2%2Fcomments&post=33"}],"version-history":[{"count":1,"href":"http:\/\/www.scmfec.pt\/wp\/index.php?rest_route=\/wp\/v2\/pages\/33\/revisions"}],"predecessor-version":[{"id":34,"href":"http:\/\/www.scmfec.pt\/wp\/index.php?rest_route=\/wp\/v2\/pages\/33\/revisions\/34"}],"wp:attachment":[{"href":"http:\/\/www.scmfec.pt\/wp\/index.php?rest_route=%2Fwp%2Fv2%2Fmedia&parent=33"}],"curies":[{"name":"wp","href":"https:\/\/api.w.org\/{rel}","templated":true}]}}