{"id":373,"date":"2019-12-16T22:39:10","date_gmt":"2019-12-16T22:39:10","guid":{"rendered":"http:\/\/www.scmfec.pt\/wp\/?page_id=373"},"modified":"2020-02-05T22:55:42","modified_gmt":"2020-02-05T22:55:42","slug":"livro-reclamacoes-eletronico","status":"publish","type":"page","link":"http:\/\/www.scmfec.pt\/wp\/?page_id=373","title":{"rendered":"Livro Reclama\u00e7\u00f5es Eletronico"},"content":{"rendered":"<p><img loading=\"lazy\" decoding=\"async\" width=\"300\" height=\"158\" src=\"http:\/\/www.scmfec.pt\/wp\/wp-content\/uploads\/2019\/12\/ers-300x158.png\" alt=\"\" srcset=\"http:\/\/www.scmfec.pt\/wp\/wp-content\/uploads\/2019\/12\/ers-300x158.png 300w, http:\/\/www.scmfec.pt\/wp\/wp-content\/uploads\/2019\/12\/ers.png 310w\" sizes=\"auto, (max-width: 300px) 100vw, 300px\" \/><br \/>\n\t\t\t\t\t\t\t\t\t\t<img loading=\"lazy\" decoding=\"async\" width=\"308\" height=\"164\" src=\"http:\/\/www.scmfec.pt\/wp\/wp-content\/uploads\/2019\/12\/livro.png\" alt=\"\" srcset=\"http:\/\/www.scmfec.pt\/wp\/wp-content\/uploads\/2019\/12\/livro.png 308w, http:\/\/www.scmfec.pt\/wp\/wp-content\/uploads\/2019\/12\/livro-300x160.png 300w\" sizes=\"auto, (max-width: 308px) 100vw, 308px\" \/>\t\t\t\t\t\t\t\t\t\t\t<\/p>\n<p>A Santa Casa da Miseric\u00f3rdia de Freixo de Espada \u00e0 Cinta aderiu ao Livro de Reclama\u00e7\u00f5es Eletr\u00f3nico, em conformidade com o regime jur\u00eddico estabelecido no <a href=\"http:\/\/www.scmfec.pt\/wp\/wp-content\/uploads\/2020\/02\/Decreto-lei-74-2017-21-junho.pdf\">Decreto-Lei n.\u00ba 74\/2017<\/a>, de 21 de junho, que veio modernizar e simplificar o regime do livro de reclama\u00e7\u00f5es e criar o Livro de Reclama\u00e7\u00f5es Eletr\u00f3nico.<\/p>\n<p>PARA APRESENTAR RECLAMA\u00c7\u00c3O;<\/p>\n<p><a href=\"https:\/\/www.livroreclamacoes.pt\">ERPI- Estrutura Residencial para Idosos<\/a><\/p>\n<p><a href=\"https:\/\/www.livroreclamacoes.pt\">SAD- Servi\u00e7o Apoio Domicili\u00e1rio<\/a><\/p>\n<p><a href=\"https:\/\/www.livroreclamacoes.pt\">Centro de Dia<\/a><\/p>\n<p><a href=\"https:\/\/www.livroreclamacoes.pt\">Estalagem para Idosos<\/a><\/p>\n<p><a href=\"https:\/\/www.livroreclamacoes.pt\">CATL e\u00a0 Pr\u00e9-escolar<\/a><\/p>\n<p>ESTABELICIMENTOS DE SAUDE<\/p>\n<p><a href=\"https:\/\/www.livroreclamacoes.pt\">\u00a0UCC- Unidade de Cuidados Continuados<\/a>, n\u00e3o implica altera\u00e7\u00f5es aos procedimentos que as institui\u00e7\u00f5es supervisionadas pela ERS devem observar no \u00e2mbito do tratamento das reclama\u00e7\u00f5es.<\/p>\n<p>O Livro de Reclama\u00e7\u00f5es Eletr\u00f3nico n\u00e3o vem substituir o Livro de Reclama\u00e7\u00f5es em papel: ambos s\u00e3o obrigat\u00f3rios.Continuar\u00e1 a vigorar, sobre os estabelecimentos prestadores de cuidados de sa\u00fade, o procedimento de tratamento de reclama\u00e7\u00f5es do <a href=\"http:\/\/www.scmfec.pt\/wp\/wp-content\/uploads\/2020\/02\/regulamento-65-2015.pdf\">Regulamento n.\u00ba 65\/2015, de 11 de fevereiro<\/a>: mant\u00e9m-se a obrigatoriedade de submiss\u00e3o de reclama\u00e7\u00f5es \u00e0 <a href=\"https:\/\/www.ers.pt\/pt\/\">ERS<\/a> atrav\u00e9s do <a href=\"https:\/\/www.ers.pt\/pt\/prestadores\/informa%C3%A7%C3%B5es\/perguntas-frequentes-sobre-a-submiss%C3%A3o-de-reclama%C3%A7%C3%B5es-%C3%A0-ers\/\">SGREC<\/a> (incluindo as provenientes do Livro de Reclama\u00e7\u00f5es Eletr\u00f3nico) no prazo de 10 dias \u00fateis.<\/p>\n","protected":false},"excerpt":{"rendered":"<p>A Santa Casa da Miseric\u00f3rdia de Freixo de Espada \u00e0 Cinta aderiu ao Livro de Reclama\u00e7\u00f5es Eletr\u00f3nico, em conformidade com o regime jur\u00eddico estabelecido no Decreto-Lei n.\u00ba 74\/2017, de 21 de junho, que veio modernizar e simplificar o regime do livro de reclama\u00e7\u00f5es e criar o Livro de Reclama\u00e7\u00f5es Eletr\u00f3nico. PARA APRESENTAR RECLAMA\u00c7\u00c3O; ERPI- Estrutura [&hellip;]<\/p>\n","protected":false},"author":1,"featured_media":0,"parent":0,"menu_order":0,"comment_status":"closed","ping_status":"closed","template":"","meta":{"footnotes":""},"class_list":["post-373","page","type-page","status-publish","czr-hentry"],"aioseo_notices":[],"_links":{"self":[{"href":"http:\/\/www.scmfec.pt\/wp\/index.php?rest_route=\/wp\/v2\/pages\/373","targetHints":{"allow":["GET"]}}],"collection":[{"href":"http:\/\/www.scmfec.pt\/wp\/index.php?rest_route=\/wp\/v2\/pages"}],"about":[{"href":"http:\/\/www.scmfec.pt\/wp\/index.php?rest_route=\/wp\/v2\/types\/page"}],"author":[{"embeddable":true,"href":"http:\/\/www.scmfec.pt\/wp\/index.php?rest_route=\/wp\/v2\/users\/1"}],"replies":[{"embeddable":true,"href":"http:\/\/www.scmfec.pt\/wp\/index.php?rest_route=%2Fwp%2Fv2%2Fcomments&post=373"}],"version-history":[{"count":19,"href":"http:\/\/www.scmfec.pt\/wp\/index.php?rest_route=\/wp\/v2\/pages\/373\/revisions"}],"predecessor-version":[{"id":578,"href":"http:\/\/www.scmfec.pt\/wp\/index.php?rest_route=\/wp\/v2\/pages\/373\/revisions\/578"}],"wp:attachment":[{"href":"http:\/\/www.scmfec.pt\/wp\/index.php?rest_route=%2Fwp%2Fv2%2Fmedia&parent=373"}],"curies":[{"name":"wp","href":"https:\/\/api.w.org\/{rel}","templated":true}]}}