{"id":536,"date":"2020-02-05T13:37:48","date_gmt":"2020-02-05T13:37:48","guid":{"rendered":"http:\/\/www.scmfec.pt\/wp\/?page_id=536"},"modified":"2020-03-09T12:19:09","modified_gmt":"2020-03-09T12:19:09","slug":"guia-de-acolhimento-do-utente-media","status":"publish","type":"page","link":"http:\/\/www.scmfec.pt\/wp\/?page_id=536","title":{"rendered":"Guia de Acolhimento do Utente"},"content":{"rendered":"<p><img loading=\"lazy\" decoding=\"async\" width=\"724\" height=\"1024\" alt=\"\" src=\"http:\/\/www.scmfec.pt\/wp\/wp-content\/uploads\/2020\/02\/CAPA-MEDIA_page-0001-724x1024.jpg\" srcset=\"http:\/\/www.scmfec.pt\/wp\/wp-content\/uploads\/2020\/02\/CAPA-MEDIA_page-0001-724x1024.jpg 724w, http:\/\/www.scmfec.pt\/wp\/wp-content\/uploads\/2020\/02\/CAPA-MEDIA_page-0001-212x300.jpg 212w, http:\/\/www.scmfec.pt\/wp\/wp-content\/uploads\/2020\/02\/CAPA-MEDIA_page-0001-768x1086.jpg 768w, http:\/\/www.scmfec.pt\/wp\/wp-content\/uploads\/2020\/02\/CAPA-MEDIA_page-0001.jpg 1178w\" sizes=\"auto, (max-width: 724px) 100vw, 724px\"><br \/>\n<img loading=\"lazy\" decoding=\"async\" width=\"724\" height=\"1024\" alt=\"\" src=\"http:\/\/www.scmfec.pt\/wp\/wp-content\/uploads\/2020\/02\/CAPA-LONGA_page-0001-724x1024.jpg\" srcset=\"http:\/\/www.scmfec.pt\/wp\/wp-content\/uploads\/2020\/02\/CAPA-LONGA_page-0001-724x1024.jpg 724w, http:\/\/www.scmfec.pt\/wp\/wp-content\/uploads\/2020\/02\/CAPA-LONGA_page-0001-212x300.jpg 212w, http:\/\/www.scmfec.pt\/wp\/wp-content\/uploads\/2020\/02\/CAPA-LONGA_page-0001-768x1087.jpg 768w, http:\/\/www.scmfec.pt\/wp\/wp-content\/uploads\/2020\/02\/CAPA-LONGA_page-0001.jpg 1137w\" sizes=\"auto, (max-width: 724px) 100vw, 724px\"><br \/>\n<a href=\"\">Guia de Acolhimento Utente M\u00e9dia Dura\u00e7\u00e3o<\/a><br \/>\n<a href=\"\">Guia de Acolhimento Utente Longa Dura\u00e7\u00e3o<\/a><br \/>\nGuia de Acolhimento Utente M\u00e9dia Dura\u00e7\u00e3o<\/p>\n<p><a href=\"http:\/\/www.scmfec.pt\/wp\/wp-content\/uploads\/2020\/02\/guia-media.pdf\">Guia Acolhimneto Utente Media Dura\u00e7\u00e3o<\/a><\/p>\n<p>Guia de Acolhimento Utente Longa Dura\u00e7\u00e3o<\/p>\n<p><a href=\"http:\/\/www.scmfec.pt\/wp\/wp-content\/uploads\/2020\/02\/guia-longa.pdf\">Guia Acolhimento Utente Longa Dura\u00e7\u00e3o<\/a><\/p>\n","protected":false},"excerpt":{"rendered":"<p>Guia de Acolhimento Utente M\u00e9dia Dura\u00e7\u00e3o Guia de Acolhimento Utente Longa Dura\u00e7\u00e3o Guia de Acolhimento Utente M\u00e9dia Dura\u00e7\u00e3o Guia Acolhimneto Utente Media Dura\u00e7\u00e3o Guia de Acolhimento Utente Longa Dura\u00e7\u00e3o Guia Acolhimento Utente Longa Dura\u00e7\u00e3o<\/p>\n","protected":false},"author":1,"featured_media":0,"parent":0,"menu_order":0,"comment_status":"closed","ping_status":"closed","template":"","meta":{"footnotes":""},"class_list":["post-536","page","type-page","status-publish","czr-hentry"],"aioseo_notices":[],"_links":{"self":[{"href":"http:\/\/www.scmfec.pt\/wp\/index.php?rest_route=\/wp\/v2\/pages\/536","targetHints":{"allow":["GET"]}}],"collection":[{"href":"http:\/\/www.scmfec.pt\/wp\/index.php?rest_route=\/wp\/v2\/pages"}],"about":[{"href":"http:\/\/www.scmfec.pt\/wp\/index.php?rest_route=\/wp\/v2\/types\/page"}],"author":[{"embeddable":true,"href":"http:\/\/www.scmfec.pt\/wp\/index.php?rest_route=\/wp\/v2\/users\/1"}],"replies":[{"embeddable":true,"href":"http:\/\/www.scmfec.pt\/wp\/index.php?rest_route=%2Fwp%2Fv2%2Fcomments&post=536"}],"version-history":[{"count":12,"href":"http:\/\/www.scmfec.pt\/wp\/index.php?rest_route=\/wp\/v2\/pages\/536\/revisions"}],"predecessor-version":[{"id":592,"href":"http:\/\/www.scmfec.pt\/wp\/index.php?rest_route=\/wp\/v2\/pages\/536\/revisions\/592"}],"wp:attachment":[{"href":"http:\/\/www.scmfec.pt\/wp\/index.php?rest_route=%2Fwp%2Fv2%2Fmedia&parent=536"}],"curies":[{"name":"wp","href":"https:\/\/api.w.org\/{rel}","templated":true}]}}