{"id":81,"date":"2018-06-28T21:25:15","date_gmt":"2018-06-28T21:25:15","guid":{"rendered":"http:\/\/localhost\/wordpress\/?page_id=81"},"modified":"2025-05-06T21:33:14","modified_gmt":"2025-05-06T21:33:14","slug":"documentos","status":"publish","type":"page","link":"http:\/\/www.scmfec.pt\/wp\/?page_id=81","title":{"rendered":"Documentos"},"content":{"rendered":"<p><img loading=\"lazy\" decoding=\"async\" src=\"http:\/\/www.scmfec.pt\/wp\/wp-content\/uploads\/2018\/07\/logo.png\" sizes=\"auto, (max-width: 388px) 100vw, 388px\" srcset=\"http:\/\/www.scmfec.pt\/wp\/wp-content\/uploads\/2018\/07\/logo.png 388w, http:\/\/www.scmfec.pt\/wp\/wp-content\/uploads\/2018\/07\/logo-292x300.png 292w\" alt=\"\" width=\"388\" height=\"398\" \/><br \/><a>Assembleia Geral<\/a><br \/><a>Documenta\u00e7\u00e3o<\/a><br \/><a>Convocat\u00f3rias<\/a><\/p>\n<p><a href=\"http:\/\/www.scmfec.pt\/wp\/wp-content\/uploads\/2020\/02\/regulamento-eleitoral.pdf\">Regulamento Eleitoral<\/a><\/p>\n<p><a href=\"http:\/\/www.scmfec.pt\/wp\/wp-content\/uploads\/2018\/06\/Regulamneto-disciplinar.pdf\">Regulamento Disciplinar<\/a><\/p>\n<p><a href=\"http:\/\/www.scmfec.pt\/wp\/wp-content\/uploads\/2024\/11\/Compromisso.pdf\">Compromisso SCM \u2013 Freixo de Espada \u00e0 Cinta<\/a><\/p>\n<p><a href=\"http:\/\/www.scmfec.pt\/wp\/wp-content\/uploads\/2019\/12\/CONTAS-2016-2.pdf\" target=\"_blank\" rel=\"noopener noreferrer\">Relat\u00f3rio de Contas 2016<\/a><\/p>\n<p><a style=\"background-color: #f9f9f9; font-size: 1.2em;\" href=\"http:\/\/www.scmfec.pt\/wp\/wp-content\/uploads\/2018\/07\/Relatoriocontas2017.pdf\" target=\"_blank\" rel=\"noopener noreferrer\">Relat\u00f3rio de Contas 2017<\/a><\/p>\n<p><a style=\"background-color: #f9f9f9; font-size: 1.2em;\" href=\"http:\/\/www.scmfec.pt\/wp\/wp-content\/uploads\/2019\/12\/contas-2018.pdf\" target=\"_blank\" rel=\"noopener noreferrer\">Relat\u00f3rio de Contas\u00a02<\/a><a style=\"background-color: #f9f9f9; font-size: 1.2em;\" href=\"http:\/\/www.scmfec.pt\/wp\/wp-content\/uploads\/2019\/12\/contas-2018.pdf\" target=\"_blank\" rel=\"noopener noreferrer\">018<\/a><\/p>\n<p><a href=\"http:\/\/www.scmfec.pt\/wp\/wp-content\/uploads\/2020\/09\/Contas-2019.pdf\">Relat\u00f3rio de Contas 2019<\/a><\/p>\n<p>Relat\u00f3rio de Contas 2020<\/p>\n<p><a href=\"http:\/\/www.scmfec.pt\/wp\/wp-content\/uploads\/2022\/08\/CONTAS-2021.pdf\">Relat\u00f3rio de Contas 2021<\/a><\/p>\n<p><a href=\"http:\/\/www.scmfec.pt\/wp\/wp-content\/uploads\/2024\/04\/CONTAS-2023-RELATORIO-DE-ATIVIDADE-E-CONTAS.pdf\">Relat\u00f3rio de Contas 2022<\/a><\/p>\n<p><a href=\"http:\/\/www.scmfec.pt\/wp\/wp-content\/uploads\/2024\/04\/CONTAS-2023-RELATORIO-DE-ATIVIDADE-E-CONTAS.pdf\">Relat\u00f3rio de Atividades e Contas 2023<\/a><\/p>\n<p><a href=\"http:\/\/www.scmfec.pt\/wp\/wp-content\/uploads\/2024\/04\/CONTAS-2023-DEMONSTRACOES-FINANCEIRAS.pdf\">Relat\u00f3rio Demonstra\u00e7\u00f5es Financeiras Contas 2023<\/a><\/p>\n<p><a href=\"http:\/\/www.scmfec.pt\/wp\/wp-content\/uploads\/2024\/04\/CONTAS-2023-ANEXOS.pdf\">Relat\u00f3rio Anexos Contas 2023<\/a><\/p>\n<p><a href=\"http:\/\/www.scmfec.pt\/wp\/wp-content\/uploads\/2025\/05\/CONTAS-ANO-2024.pdf\">Relatorio de Contas 2024<\/a><\/p>\n<p>Documenta\u00e7\u00e3o<\/p>\n<p><a href=\"http:\/\/www.scmfec.pt\/wp\/wp-content\/uploads\/2018\/07\/CConduta.pdf\" target=\"_blank\" rel=\"noopener noreferrer\">C\u00f3digo de Conduta<\/a><\/p>\n<p><a href=\"http:\/\/www.scmfec.pt\/wp\/wp-content\/uploads\/2018\/07\/ASSEDIO.pdf\" target=\"_blank\" rel=\"noopener noreferrer\">Ass\u00e9dio no Trabalho<\/a><\/p>\n<p><a href=\"http:\/\/www.scmfec.pt\/wp\/?page_id=3\">Pol\u00edtica de Privacidade<\/a><\/p>\n<p><a style=\"background-color: #f9f9f9;\" href=\"http:\/\/www.scmfec.pt\/wp\/?page_id=3\">C\u00f3digo <\/a><a href=\"http:\/\/www.scmfec.pt\/wp\/wp-content\/uploads\/2019\/03\/codigo_conduta_trat_dados.pdf\">de <\/a><a href=\"http:\/\/www.scmfec.pt\/wp\/wp-content\/uploads\/2019\/03\/codigo_conduta_trat_dados.pdf\">Conduta <\/a><a style=\"background-color: #f9f9f9;\" href=\"http:\/\/www.scmfec.pt\/wp\/?page_id=3\">\u2013<\/a> <a href=\"http:\/\/www.scmfec.pt\/wp\/wp-content\/uploads\/2019\/03\/codigo_conduta_trat_dados.pdf\">Tratamento <\/a><a style=\"background-color: #f9f9f9;\" href=\"http:\/\/www.scmfec.pt\/wp\/?page_id=3\">de dados Pessoais<\/a><\/p>\n<p>Convocat\u00f3rias<\/p>\n\n\n<p><\/p>\n","protected":false},"excerpt":{"rendered":"<p>Assembleia GeralDocumenta\u00e7\u00e3oConvocat\u00f3rias Regulamento Eleitoral Regulamento Disciplinar Compromisso SCM \u2013 Freixo de Espada \u00e0 Cinta Relat\u00f3rio de Contas 2016 Relat\u00f3rio de Contas 2017 Relat\u00f3rio de Contas\u00a02018 Relat\u00f3rio de Contas 2019 Relat\u00f3rio de Contas 2020 Relat\u00f3rio de Contas 2021 Relat\u00f3rio de Contas 2022 Relat\u00f3rio de Atividades e Contas 2023 Relat\u00f3rio Demonstra\u00e7\u00f5es Financeiras Contas 2023 Relat\u00f3rio Anexos Contas [&hellip;]<\/p>\n","protected":false},"author":1,"featured_media":0,"parent":0,"menu_order":0,"comment_status":"closed","ping_status":"closed","template":"","meta":{"footnotes":""},"class_list":["post-81","page","type-page","status-publish","czr-hentry"],"aioseo_notices":[],"_links":{"self":[{"href":"http:\/\/www.scmfec.pt\/wp\/index.php?rest_route=\/wp\/v2\/pages\/81","targetHints":{"allow":["GET"]}}],"collection":[{"href":"http:\/\/www.scmfec.pt\/wp\/index.php?rest_route=\/wp\/v2\/pages"}],"about":[{"href":"http:\/\/www.scmfec.pt\/wp\/index.php?rest_route=\/wp\/v2\/types\/page"}],"author":[{"embeddable":true,"href":"http:\/\/www.scmfec.pt\/wp\/index.php?rest_route=\/wp\/v2\/users\/1"}],"replies":[{"embeddable":true,"href":"http:\/\/www.scmfec.pt\/wp\/index.php?rest_route=%2Fwp%2Fv2%2Fcomments&post=81"}],"version-history":[{"count":119,"href":"http:\/\/www.scmfec.pt\/wp\/index.php?rest_route=\/wp\/v2\/pages\/81\/revisions"}],"predecessor-version":[{"id":1032,"href":"http:\/\/www.scmfec.pt\/wp\/index.php?rest_route=\/wp\/v2\/pages\/81\/revisions\/1032"}],"wp:attachment":[{"href":"http:\/\/www.scmfec.pt\/wp\/index.php?rest_route=%2Fwp%2Fv2%2Fmedia&parent=81"}],"curies":[{"name":"wp","href":"https:\/\/api.w.org\/{rel}","templated":true}]}}