{"id":962,"date":"2024-10-31T14:48:43","date_gmt":"2024-10-31T14:48:43","guid":{"rendered":"http:\/\/www.scmfec.pt\/wp\/?page_id=962"},"modified":"2025-05-09T09:53:35","modified_gmt":"2025-05-09T09:53:35","slug":"processo-eleitoral-2025-2028","status":"publish","type":"page","link":"http:\/\/www.scmfec.pt\/wp\/?page_id=962","title":{"rendered":"RGPC"},"content":{"rendered":"\n<p class=\"has-text-align-left has-black-color has-pale-cyan-blue-background-color has-text-color has-background has-link-color has-large-font-size wp-elements-0fbd96a9139f63ab61084d2607a9eb6c\">R.G.P.C. &#8211; Regime Geral da Preven\u00e7\u00e3o da Corrup\u00e7\u00e3o<mark style=\"background-color:rgba(0, 0, 0, 0)\" class=\"has-inline-color has-vivid-cyan-blue-color\"> <\/mark><\/p>\n\n\n\n<p><\/p>\n\n\n<div class=\"wp-block-image\">\n<figure class=\"aligncenter size-full is-resized\"><img loading=\"lazy\" decoding=\"async\" width=\"892\" height=\"892\" src=\"http:\/\/www.scmfec.pt\/wp\/wp-content\/uploads\/2025\/04\/LOGO-RGPC-NET-1.jpg\" alt=\"\" class=\"wp-image-1018\" style=\"width:422px;height:auto\" srcset=\"http:\/\/www.scmfec.pt\/wp\/wp-content\/uploads\/2025\/04\/LOGO-RGPC-NET-1.jpg 892w, http:\/\/www.scmfec.pt\/wp\/wp-content\/uploads\/2025\/04\/LOGO-RGPC-NET-1-300x300.jpg 300w, http:\/\/www.scmfec.pt\/wp\/wp-content\/uploads\/2025\/04\/LOGO-RGPC-NET-1-150x150.jpg 150w, http:\/\/www.scmfec.pt\/wp\/wp-content\/uploads\/2025\/04\/LOGO-RGPC-NET-1-768x768.jpg 768w, http:\/\/www.scmfec.pt\/wp\/wp-content\/uploads\/2025\/04\/LOGO-RGPC-NET-1-510x510.jpg 510w\" sizes=\"auto, (max-width: 892px) 100vw, 892px\" \/><\/figure><\/div>\n\n\n<div class=\"wp-block-group is-layout-grid wp-container-core-group-is-layout-9649a0d9 wp-block-group-is-layout-grid\">\n<figure class=\"wp-block-image size-large\"><a href=\"http:\/\/www.scmfec.pt\/wp\/wp-content\/uploads\/2025\/05\/REGULAMENTO COMUNICA\u00c7\u00c3O INFRA\u00c7\u00d5ES.pdf\"><img loading=\"lazy\" decoding=\"async\" width=\"1024\" height=\"479\" src=\"http:\/\/www.scmfec.pt\/wp\/wp-content\/uploads\/2025\/05\/REGULAMENTO-COMUNICACAO-INFRACOES-CAPA_page-0001-1024x479.jpg\" alt=\"\" class=\"wp-image-1056\" srcset=\"http:\/\/www.scmfec.pt\/wp\/wp-content\/uploads\/2025\/05\/REGULAMENTO-COMUNICACAO-INFRACOES-CAPA_page-0001-1024x479.jpg 1024w, http:\/\/www.scmfec.pt\/wp\/wp-content\/uploads\/2025\/05\/REGULAMENTO-COMUNICACAO-INFRACOES-CAPA_page-0001-300x140.jpg 300w, http:\/\/www.scmfec.pt\/wp\/wp-content\/uploads\/2025\/05\/REGULAMENTO-COMUNICACAO-INFRACOES-CAPA_page-0001-768x359.jpg 768w, http:\/\/www.scmfec.pt\/wp\/wp-content\/uploads\/2025\/05\/REGULAMENTO-COMUNICACAO-INFRACOES-CAPA_page-0001.jpg 1049w\" sizes=\"auto, (max-width: 1024px) 100vw, 1024px\" \/><\/a><\/figure>\n\n\n\n<figure class=\"wp-block-image size-full\"><a href=\"http:\/\/www.scmfec.pt\/wp\/wp-content\/uploads\/2025\/05\/PROGRAMAFORMACAO.pdf\"><img loading=\"lazy\" decoding=\"async\" width=\"875\" height=\"562\" src=\"http:\/\/www.scmfec.pt\/wp\/wp-content\/uploads\/2025\/05\/PROGRAMA-FORMACAO-CAPA_page-0001.jpg\" alt=\"\" class=\"wp-image-1055\" srcset=\"http:\/\/www.scmfec.pt\/wp\/wp-content\/uploads\/2025\/05\/PROGRAMA-FORMACAO-CAPA_page-0001.jpg 875w, http:\/\/www.scmfec.pt\/wp\/wp-content\/uploads\/2025\/05\/PROGRAMA-FORMACAO-CAPA_page-0001-300x193.jpg 300w, http:\/\/www.scmfec.pt\/wp\/wp-content\/uploads\/2025\/05\/PROGRAMA-FORMACAO-CAPA_page-0001-768x493.jpg 768w\" sizes=\"auto, (max-width: 875px) 100vw, 875px\" \/><\/a><\/figure>\n\n\n\n<figure class=\"wp-block-image size-full\"><a href=\"http:\/\/www.scmfec.pt\/wp\/wp-content\/uploads\/2025\/05\/CodigoCondutaTrabalhadores.pdf\"><img loading=\"lazy\" decoding=\"async\" width=\"964\" height=\"648\" src=\"http:\/\/www.scmfec.pt\/wp\/wp-content\/uploads\/2025\/05\/Codigo-Conduta-Trabalhadores-capa_page-0001-1.jpg\" alt=\"\" class=\"wp-image-1057\" srcset=\"http:\/\/www.scmfec.pt\/wp\/wp-content\/uploads\/2025\/05\/Codigo-Conduta-Trabalhadores-capa_page-0001-1.jpg 964w, http:\/\/www.scmfec.pt\/wp\/wp-content\/uploads\/2025\/05\/Codigo-Conduta-Trabalhadores-capa_page-0001-1-300x202.jpg 300w, http:\/\/www.scmfec.pt\/wp\/wp-content\/uploads\/2025\/05\/Codigo-Conduta-Trabalhadores-capa_page-0001-1-768x516.jpg 768w\" sizes=\"auto, (max-width: 964px) 100vw, 964px\" \/><\/a><\/figure>\n\n\n\n<figure class=\"wp-block-image size-full\"><a href=\"http:\/\/www.scmfec.pt\/wp\/wp-content\/uploads\/2025\/05\/PLANOPREVENCAORISCOS.pdf\"><img loading=\"lazy\" decoding=\"async\" width=\"962\" height=\"612\" src=\"http:\/\/www.scmfec.pt\/wp\/wp-content\/uploads\/2025\/05\/PLANO-PREVENCAO-RISCOS-CAPA_page-0001.jpg\" alt=\"\" class=\"wp-image-1053\" srcset=\"http:\/\/www.scmfec.pt\/wp\/wp-content\/uploads\/2025\/05\/PLANO-PREVENCAO-RISCOS-CAPA_page-0001.jpg 962w, http:\/\/www.scmfec.pt\/wp\/wp-content\/uploads\/2025\/05\/PLANO-PREVENCAO-RISCOS-CAPA_page-0001-300x191.jpg 300w, http:\/\/www.scmfec.pt\/wp\/wp-content\/uploads\/2025\/05\/PLANO-PREVENCAO-RISCOS-CAPA_page-0001-768x489.jpg 768w\" sizes=\"auto, (max-width: 962px) 100vw, 962px\" \/><\/a><\/figure>\n\n\n\n<figure class=\"wp-block-gallery has-nested-images columns-default is-cropped wp-block-gallery-1 is-layout-flex wp-block-gallery-is-layout-flex\">\n<figure class=\"wp-block-image size-large\"><a href=\"http:\/\/www.scmfec.pt\/wp\/wp-content\/uploads\/2025\/05\/POLITICA-PREVENCAO-CORRUPCAO.pdf\"><img loading=\"lazy\" decoding=\"async\" width=\"1024\" height=\"565\" data-id=\"1060\" src=\"http:\/\/www.scmfec.pt\/wp\/wp-content\/uploads\/2025\/05\/POLITICA-PREVENCAO-CORRUPCAO-CAPA_page-0001-1-1024x565.jpg\" alt=\"\" class=\"wp-image-1060\" srcset=\"http:\/\/www.scmfec.pt\/wp\/wp-content\/uploads\/2025\/05\/POLITICA-PREVENCAO-CORRUPCAO-CAPA_page-0001-1-1024x565.jpg 1024w, http:\/\/www.scmfec.pt\/wp\/wp-content\/uploads\/2025\/05\/POLITICA-PREVENCAO-CORRUPCAO-CAPA_page-0001-1-300x165.jpg 300w, http:\/\/www.scmfec.pt\/wp\/wp-content\/uploads\/2025\/05\/POLITICA-PREVENCAO-CORRUPCAO-CAPA_page-0001-1-768x424.jpg 768w, http:\/\/www.scmfec.pt\/wp\/wp-content\/uploads\/2025\/05\/POLITICA-PREVENCAO-CORRUPCAO-CAPA_page-0001-1.jpg 1084w\" sizes=\"auto, (max-width: 1024px) 100vw, 1024px\" \/><\/a><\/figure>\n<\/figure>\n\n\n\n<figure class=\"wp-block-image size-full\"><a href=\"http:\/\/www.scmfec.pt\/wp\/?page_id=950\"><img loading=\"lazy\" decoding=\"async\" width=\"951\" height=\"556\" src=\"http:\/\/www.scmfec.pt\/wp\/wp-content\/uploads\/2025\/05\/CANAL-DENUNCIA-INTERNO.jpg\" alt=\"\" class=\"wp-image-1063\" srcset=\"http:\/\/www.scmfec.pt\/wp\/wp-content\/uploads\/2025\/05\/CANAL-DENUNCIA-INTERNO.jpg 951w, http:\/\/www.scmfec.pt\/wp\/wp-content\/uploads\/2025\/05\/CANAL-DENUNCIA-INTERNO-300x175.jpg 300w, http:\/\/www.scmfec.pt\/wp\/wp-content\/uploads\/2025\/05\/CANAL-DENUNCIA-INTERNO-768x449.jpg 768w\" sizes=\"auto, (max-width: 951px) 100vw, 951px\" \/><\/a><\/figure>\n<\/div>\n\n\n\n<p><\/p>\n","protected":false},"excerpt":{"rendered":"<p>R.G.P.C. &#8211; Regime Geral da Preven\u00e7\u00e3o da Corrup\u00e7\u00e3o<\/p>\n","protected":false},"author":1,"featured_media":0,"parent":0,"menu_order":0,"comment_status":"closed","ping_status":"closed","template":"","meta":{"footnotes":""},"class_list":["post-962","page","type-page","status-publish","czr-hentry"],"aioseo_notices":[],"_links":{"self":[{"href":"http:\/\/www.scmfec.pt\/wp\/index.php?rest_route=\/wp\/v2\/pages\/962","targetHints":{"allow":["GET"]}}],"collection":[{"href":"http:\/\/www.scmfec.pt\/wp\/index.php?rest_route=\/wp\/v2\/pages"}],"about":[{"href":"http:\/\/www.scmfec.pt\/wp\/index.php?rest_route=\/wp\/v2\/types\/page"}],"author":[{"embeddable":true,"href":"http:\/\/www.scmfec.pt\/wp\/index.php?rest_route=\/wp\/v2\/users\/1"}],"replies":[{"embeddable":true,"href":"http:\/\/www.scmfec.pt\/wp\/index.php?rest_route=%2Fwp%2Fv2%2Fcomments&post=962"}],"version-history":[{"count":41,"href":"http:\/\/www.scmfec.pt\/wp\/index.php?rest_route=\/wp\/v2\/pages\/962\/revisions"}],"predecessor-version":[{"id":1090,"href":"http:\/\/www.scmfec.pt\/wp\/index.php?rest_route=\/wp\/v2\/pages\/962\/revisions\/1090"}],"wp:attachment":[{"href":"http:\/\/www.scmfec.pt\/wp\/index.php?rest_route=%2Fwp%2Fv2%2Fmedia&parent=962"}],"curies":[{"name":"wp","href":"https:\/\/api.w.org\/{rel}","templated":true}]}}